{"id":27,"date":"2020-12-07T10:03:33","date_gmt":"2020-12-07T09:03:33","guid":{"rendered":"https:\/\/fafangansantik.adaptonline.se\/?page_id=27"},"modified":"2020-12-10T16:18:21","modified_gmt":"2020-12-10T15:18:21","slug":"hyra-rekvisita","status":"publish","type":"page","link":"https:\/\/fafangansantik.se\/?page_id=27","title":{"rendered":"Hyra Rekvisita"},"content":{"rendered":"<div class=\"wpb-content-wrapper\"><p>[vc_row full_width=&#8221;stretch_row&#8221; css=&#8221;.vc_custom_1607612618750{margin-top: -40px !important;background-image: url(https:\/\/fafangansantik.se\/wp-content\/uploads\/2020\/12\/dsc_0101.jpg?id=91) !important;background-position: center !important;background-repeat: no-repeat !important;background-size: cover !important;}&#8221; mobile_bg_img_hidden=&#8221;no&#8221; tablet_bg_img_hidden=&#8221;no&#8221; woodmart_parallax=&#8221;0&#8243; woodmart_gradient_switch=&#8221;yes&#8221; woodmart_color_gradient=&#8221;rgba(255, 255, 255, 0.9)-0\/rgba(255, 255, 255, 0.9)-100\/|linear-gradient(left , rgba(255, 255, 255, 0.9) , rgba(255, 255, 255, 0.9) 100%)|linear|left&#8221; row_reverse_mobile=&#8221;0&#8243; row_reverse_tablet=&#8221;0&#8243; woodmart_disable_overflow=&#8221;0&#8243;][vc_column]\t\t\t<link rel=\"stylesheet\" id=\"wd-section-title-css\" href=\"https:\/\/fafangansantik.se\/wp-content\/themes\/woodmart\/css\/parts\/el-section-title.min.css?ver=7.4.1\" type=\"text\/css\" media=\"all\" \/> \t\t\t\t\t\t<link rel=\"stylesheet\" id=\"wd-mod-highlighted-text-css\" href=\"https:\/\/fafangansantik.se\/wp-content\/themes\/woodmart\/css\/parts\/mod-highlighted-text.min.css?ver=7.4.1\" type=\"text\/css\" media=\"all\" \/> \t\t\t\n\t\t<div id=\"wd-5fd23c03b1d8a\" class=\"title-wrapper wd-wpb set-mb-s reset-last-child  wd-rs-5fd23c03b1d8a wd-title-color-default wd-title-style-default text-left  wd-underline-colored\">\n\t\t\t\n\t\t\t<div class=\"liner-continer\">\n\t\t\t\t<h2 class=\"woodmart-title-container title  wd-font-weight- wd-fontsize-xxl\" >Hyra Rekvisita<\/h2>\n\t\t\t\t\t\t\t<\/div>\n\t\t\t\n\t\t\t\n\t\t\t\n\t\t<\/div>\n\t\t\n\t\t[vc_row_inner][vc_column_inner width=&#8221;1\/2&#8243;][vc_column_text text_larger=&#8221;no&#8221;]F\u00e5f\u00e4ngan Antik hyr regelbundet ut rekvisita till svenska storfilmer, tv-serier, teaterupps\u00e4ttningar och operaproduktioner vid ledande teatrar, modeshower vid Sveriges st\u00f6rsta modehus och hj\u00e4lper ofta fotografer att hitta den perfekta rekvisitan till sina fotograferingar. Vi tycker alltid att det \u00e4r roligt att kunna hj\u00e4lpa till, oavsett storlek p\u00e5 projektet. Vi har genom \u00e5ren haft m\u00e5nga goda samarbeten med mindre teatrar, elever fr\u00e5n konst- och filmh\u00f6gskolor och unga \u00e4nnu icke etablerade fotografer. Vi hj\u00e4lper och st\u00f6ttar g\u00e4rna s\u00e5v\u00e4l amat\u00f6rteatergrupper som stora institutionsteater. Alla ska k\u00e4nna sig v\u00e4lkomna med sina f\u00f6rfr\u00e5gningar till oss. V\u00e5r ideologi \u00e4r att \u201dallt g\u00e5r att l\u00f6sa\u201d.[\/vc_column_text][\/vc_column_inner][vc_column_inner width=&#8221;1\/2&#8243;]\t\t\t<link rel=\"stylesheet\" id=\"wd-photoswipe-css\" href=\"https:\/\/fafangansantik.se\/wp-content\/themes\/woodmart\/css\/parts\/lib-photoswipe.min.css?ver=7.4.1\" type=\"text\/css\" media=\"all\" \/> \t\t\t\t\t\t<link rel=\"stylesheet\" id=\"wd-image-gallery-css\" href=\"https:\/\/fafangansantik.se\/wp-content\/themes\/woodmart\/css\/parts\/el-gallery.min.css?ver=7.4.1\" type=\"text\/css\" media=\"all\" \/> \t\t\t\t\t<div id=\"gallery_378\" class=\"wd-images-gallery wd-wpb photoswipe-images\" style=\"--wd-justify-content:center;--wd-align-items:flex-start;\">\n\t\t\t\n\t\t\t<div class=\" wd-grid-g\" style=\"--wd-col-lg:1;--wd-col-md:1;--wd-col-sm:1;--wd-gap-lg:30px;--wd-gap-sm:10px;\">\n\t\t\t\t\n\t\t\t\t\t\t\t\t\t\t\t\t\t\t\t<div class=\"wd-gallery-item wd-col\">\n\t\t\t\t\t\t\t\t\t\t\t\t\t\t<a href=\"https:\/\/fafangansantik.se\/wp-content\/uploads\/2020\/12\/dsc_0166-scaled.jpg\" data-elementor-open-lightbox=\"no\" data-index=\"1\" data-width=\"2560\" data-height=\"1916\" \n\t\t\t\t\t\t\t\t\t\t\t\t >\n\t\t\t\t\t\t\t\t\n\t\t\t\t\t\t\t\t<img loading=\"lazy\" decoding=\"async\" width=\"1024\" height=\"766\" src=\"https:\/\/fafangansantik.se\/wp-content\/uploads\/2020\/12\/dsc_0166-1024x766.jpg\" class=\"wd-gallery-image image-1\" alt=\"\" srcset=\"https:\/\/fafangansantik.se\/wp-content\/uploads\/2020\/12\/dsc_0166-1024x766.jpg 1024w, https:\/\/fafangansantik.se\/wp-content\/uploads\/2020\/12\/dsc_0166-300x224.jpg 300w, https:\/\/fafangansantik.se\/wp-content\/uploads\/2020\/12\/dsc_0166-768x575.jpg 768w, https:\/\/fafangansantik.se\/wp-content\/uploads\/2020\/12\/dsc_0166-1536x1149.jpg 1536w, https:\/\/fafangansantik.se\/wp-content\/uploads\/2020\/12\/dsc_0166-2048x1532.jpg 2048w\" sizes=\"(max-width: 1024px) 100vw, 1024px\" \/>\n\t\t\t\t\t\t\t\t\t\t\t\t\t\t\t<\/a>\n\t\t\t\t\t\t\t\t\t\t\t\t<\/div>\n\t\t\t\t\t\t\t\t\t\n\t\t\t\t\t\t\t<\/div>\n\n\t\t\t\t\t<\/div>\n\t\t[\/vc_column_inner][\/vc_row_inner][\/vc_column][\/vc_row][vc_row full_width=&#8221;stretch_row&#8221; css=&#8221;.vc_custom_1607352652196{margin-bottom: -40px !important;background-color: #b7a577 !important;}&#8221; mobile_bg_img_hidden=&#8221;no&#8221; tablet_bg_img_hidden=&#8221;no&#8221; woodmart_parallax=&#8221;0&#8243; woodmart_gradient_switch=&#8221;no&#8221; row_reverse_mobile=&#8221;0&#8243; row_reverse_tablet=&#8221;0&#8243; woodmart_disable_overflow=&#8221;0&#8243;][vc_column css=&#8221;.vc_custom_1607352436965{margin-bottom: 35px !important;}&#8221; mobile_bg_img_hidden=&#8221;no&#8221; tablet_bg_img_hidden=&#8221;no&#8221; woodmart_parallax=&#8221;0&#8243; woodmart_sticky_column=&#8221;false&#8221; parallax_scroll=&#8221;no&#8221; mobile_reset_margin=&#8221;no&#8221; tablet_reset_margin=&#8221;no&#8221;][\/vc_column][\/vc_row]<\/p>\n<\/div>","protected":false},"excerpt":{"rendered":"<p>[vc_row full_width=&#8221;stretch_row&#8221; css=&#8221;.vc_custom_1607612618750{margin-top: -40px !important;background-image: url(https:\/\/fafangansantik.se\/wp-content\/uploads\/2020\/12\/dsc_0101.jpg?id=91) !important;background-position: center !important;background-repeat: no-repeat !important;background-size: cover !important;}&#8221; mobile_bg_img_hidden=&#8221;no&#8221; tablet_bg_img_hidden=&#8221;no&#8221; woodmart_parallax=&#8221;0&#8243; woodmart_gradient_switch=&#8221;yes&#8221; woodmart_color_gradient=&#8221;rgba(255, 255, 255,<\/p>\n","protected":false},"author":1,"featured_media":0,"parent":0,"menu_order":6,"comment_status":"closed","ping_status":"closed","template":"","meta":{"footnotes":""},"_links":{"self":[{"href":"https:\/\/fafangansantik.se\/index.php?rest_route=\/wp\/v2\/pages\/27"}],"collection":[{"href":"https:\/\/fafangansantik.se\/index.php?rest_route=\/wp\/v2\/pages"}],"about":[{"href":"https:\/\/fafangansantik.se\/index.php?rest_route=\/wp\/v2\/types\/page"}],"author":[{"embeddable":true,"href":"https:\/\/fafangansantik.se\/index.php?rest_route=\/wp\/v2\/users\/1"}],"replies":[{"embeddable":true,"href":"https:\/\/fafangansantik.se\/index.php?rest_route=%2Fwp%2Fv2%2Fcomments&post=27"}],"version-history":[{"count":3,"href":"https:\/\/fafangansantik.se\/index.php?rest_route=\/wp\/v2\/pages\/27\/revisions"}],"predecessor-version":[{"id":172,"href":"https:\/\/fafangansantik.se\/index.php?rest_route=\/wp\/v2\/pages\/27\/revisions\/172"}],"wp:attachment":[{"href":"https:\/\/fafangansantik.se\/index.php?rest_route=%2Fwp%2Fv2%2Fmedia&parent=27"}],"curies":[{"name":"wp","href":"https:\/\/api.w.org\/{rel}","templated":true}]}}