{"id":25,"date":"2020-12-07T10:03:17","date_gmt":"2020-12-07T09:03:17","guid":{"rendered":"https:\/\/fafangansantik.adaptonline.se\/?page_id=25"},"modified":"2020-12-10T16:16:52","modified_gmt":"2020-12-10T15:16:52","slug":"herr","status":"publish","type":"page","link":"https:\/\/fafangansantik.se\/?page_id=25","title":{"rendered":"Herr"},"content":{"rendered":"<div class=\"wpb-content-wrapper\"><p>[vc_row full_width=&#8221;stretch_row&#8221; css=&#8221;.vc_custom_1607612618750{margin-top: -40px !important;background-image: url(https:\/\/fafangansantik.se\/wp-content\/uploads\/2020\/12\/dsc_0101.jpg?id=91) !important;background-position: center !important;background-repeat: no-repeat !important;background-size: cover !important;}&#8221; mobile_bg_img_hidden=&#8221;no&#8221; tablet_bg_img_hidden=&#8221;no&#8221; woodmart_parallax=&#8221;0&#8243; woodmart_gradient_switch=&#8221;yes&#8221; woodmart_color_gradient=&#8221;rgba(255, 255, 255, 0.9)-0\/rgba(255, 255, 255, 0.9)-100\/|linear-gradient(left , rgba(255, 255, 255, 0.9) , rgba(255, 255, 255, 0.9) 100%)|linear|left&#8221; row_reverse_mobile=&#8221;0&#8243; row_reverse_tablet=&#8221;0&#8243; woodmart_disable_overflow=&#8221;0&#8243;][vc_column]\t\t\t<link rel=\"stylesheet\" id=\"wd-section-title-css\" href=\"https:\/\/fafangansantik.se\/wp-content\/themes\/woodmart\/css\/parts\/el-section-title.min.css?ver=7.4.1\" type=\"text\/css\" media=\"all\" \/> \t\t\t\t\t\t<link rel=\"stylesheet\" id=\"wd-mod-highlighted-text-css\" href=\"https:\/\/fafangansantik.se\/wp-content\/themes\/woodmart\/css\/parts\/mod-highlighted-text.min.css?ver=7.4.1\" type=\"text\/css\" media=\"all\" \/> \t\t\t\n\t\t<div id=\"wd-5fd23ba0a08e0\" class=\"title-wrapper wd-wpb set-mb-s reset-last-child  wd-rs-5fd23ba0a08e0 wd-title-color-default wd-title-style-default text-left  wd-underline-colored\">\n\t\t\t\n\t\t\t<div class=\"liner-continer\">\n\t\t\t\t<h2 class=\"woodmart-title-container title  wd-font-weight- wd-fontsize-xxl\" >Herr<\/h2>\n\t\t\t\t\t\t\t<\/div>\n\t\t\t\n\t\t\t\n\t\t\t\n\t\t<\/div>\n\t\t\n\t\t[vc_row_inner][vc_column_inner width=&#8221;1\/2&#8243;][vc_column_text text_larger=&#8221;no&#8221;]Manschettknappar, k\u00e4ppar med silverkrycka, h\u00f6ga svarta hattar, st\u00e4rkkragar, pipor. Cigarrsnoppare, humidorer, kristallkaraffer, whiskyglas, cognacskupor. Att den moderne gentlemannen har behov av sk\u00f6na ting \u00e4r n\u00e5got som vi p\u00e5 F\u00e5f\u00e4ngan Antik l\u00e4nge varit medvetna om, och inget gl\u00e4djer oss mer \u00e4n att kunna hj\u00e4lpa till att hitta precis det d\u00e4r speciella f\u00f6rem\u00e5let, hur udda det \u00e4n m\u00e5 vara.DSC_0221 En str\u00e5hatt att matcha sommarens linnekostym, en chatlet f\u00f6r fickuret till ordensfracken eller en uppstoppad uggla till biblioteksrummet. Med lite t\u00e5lamod kan man hitta allt f\u00f6r dagens gentleman hos oss. Ber\u00e4tta f\u00f6r oss s\u00e5 ska vi g\u00f6ra v\u00e5rt b\u00e4sta. Har vi det inte f\u00f6r tillf\u00e4llet ska vi f\u00f6rs\u00f6ka h\u00e5lla \u00f6gonen \u00f6ppna under v\u00e5ra jakter p\u00e5 unika ting till butiken.[\/vc_column_text][\/vc_column_inner][vc_column_inner width=&#8221;1\/2&#8243;]\t\t\t<link rel=\"stylesheet\" id=\"wd-photoswipe-css\" href=\"https:\/\/fafangansantik.se\/wp-content\/themes\/woodmart\/css\/parts\/lib-photoswipe.min.css?ver=7.4.1\" type=\"text\/css\" media=\"all\" \/> \t\t\t\t\t\t<link rel=\"stylesheet\" id=\"wd-image-gallery-css\" href=\"https:\/\/fafangansantik.se\/wp-content\/themes\/woodmart\/css\/parts\/el-gallery.min.css?ver=7.4.1\" type=\"text\/css\" media=\"all\" \/> \t\t\t\t\t<div id=\"gallery_910\" class=\"wd-images-gallery wd-wpb photoswipe-images\" style=\"--wd-justify-content:center;--wd-align-items:flex-start;\">\n\t\t\t\n\t\t\t<div class=\" wd-grid-g\" style=\"--wd-col-lg:2;--wd-col-md:2;--wd-col-sm:1;--wd-gap-lg:30px;--wd-gap-sm:10px;\">\n\t\t\t\t\n\t\t\t\t\t\t\t\t\t\t\t\t\t\t\t<div class=\"wd-gallery-item wd-col\">\n\t\t\t\t\t\t\t\t\t\t\t\t\t\t<a href=\"https:\/\/fafangansantik.se\/wp-content\/uploads\/2020\/12\/dsc_0221-scaled.jpg\" data-elementor-open-lightbox=\"no\" data-index=\"1\" data-width=\"2560\" data-height=\"1707\" \n\t\t\t\t\t\t\t\t\t\t\t\t >\n\t\t\t\t\t\t\t\t\n\t\t\t\t\t\t\t\t<img loading=\"lazy\" decoding=\"async\" width=\"1024\" height=\"683\" src=\"https:\/\/fafangansantik.se\/wp-content\/uploads\/2020\/12\/dsc_0221-1024x683.jpg\" class=\"wd-gallery-image image-1\" alt=\"\" srcset=\"https:\/\/fafangansantik.se\/wp-content\/uploads\/2020\/12\/dsc_0221-1024x683.jpg 1024w, https:\/\/fafangansantik.se\/wp-content\/uploads\/2020\/12\/dsc_0221-300x200.jpg 300w, https:\/\/fafangansantik.se\/wp-content\/uploads\/2020\/12\/dsc_0221-768x512.jpg 768w, https:\/\/fafangansantik.se\/wp-content\/uploads\/2020\/12\/dsc_0221-1536x1024.jpg 1536w, https:\/\/fafangansantik.se\/wp-content\/uploads\/2020\/12\/dsc_0221-2048x1365.jpg 2048w\" sizes=\"(max-width: 1024px) 100vw, 1024px\" \/>\n\t\t\t\t\t\t\t\t\t\t\t\t\t\t\t<\/a>\n\t\t\t\t\t\t\t\t\t\t\t\t<\/div>\n\t\t\t\t\t\t\t\t\t\t\t<div class=\"wd-gallery-item wd-col\">\n\t\t\t\t\t\t\t\t\t\t\t\t\t\t<a href=\"https:\/\/fafangansantik.se\/wp-content\/uploads\/2020\/12\/dsc_0164-scaled.jpg\" data-elementor-open-lightbox=\"no\" data-index=\"2\" data-width=\"1707\" data-height=\"2560\" \n\t\t\t\t\t\t\t\t\t\t\t\t >\n\t\t\t\t\t\t\t\t\n\t\t\t\t\t\t\t\t<img loading=\"lazy\" decoding=\"async\" width=\"683\" height=\"1024\" src=\"https:\/\/fafangansantik.se\/wp-content\/uploads\/2020\/12\/dsc_0164-683x1024.jpg\" class=\"wd-gallery-image image-2\" alt=\"\" srcset=\"https:\/\/fafangansantik.se\/wp-content\/uploads\/2020\/12\/dsc_0164-683x1024.jpg 683w, https:\/\/fafangansantik.se\/wp-content\/uploads\/2020\/12\/dsc_0164-200x300.jpg 200w, https:\/\/fafangansantik.se\/wp-content\/uploads\/2020\/12\/dsc_0164-768x1152.jpg 768w, https:\/\/fafangansantik.se\/wp-content\/uploads\/2020\/12\/dsc_0164-1024x1536.jpg 1024w, https:\/\/fafangansantik.se\/wp-content\/uploads\/2020\/12\/dsc_0164-1365x2048.jpg 1365w, https:\/\/fafangansantik.se\/wp-content\/uploads\/2020\/12\/dsc_0164-scaled.jpg 1707w\" sizes=\"(max-width: 683px) 100vw, 683px\" \/>\n\t\t\t\t\t\t\t\t\t\t\t\t\t\t\t<\/a>\n\t\t\t\t\t\t\t\t\t\t\t\t<\/div>\n\t\t\t\t\t\t\t\t\t\n\t\t\t\t\t\t\t<\/div>\n\n\t\t\t\t\t<\/div>\n\t\t[\/vc_column_inner][\/vc_row_inner][\/vc_column][\/vc_row][vc_row full_width=&#8221;stretch_row&#8221; css=&#8221;.vc_custom_1607352652196{margin-bottom: -40px !important;background-color: #b7a577 !important;}&#8221; mobile_bg_img_hidden=&#8221;no&#8221; tablet_bg_img_hidden=&#8221;no&#8221; woodmart_parallax=&#8221;0&#8243; woodmart_gradient_switch=&#8221;no&#8221; row_reverse_mobile=&#8221;0&#8243; row_reverse_tablet=&#8221;0&#8243; woodmart_disable_overflow=&#8221;0&#8243;][vc_column css=&#8221;.vc_custom_1607352436965{margin-bottom: 35px !important;}&#8221; mobile_bg_img_hidden=&#8221;no&#8221; tablet_bg_img_hidden=&#8221;no&#8221; woodmart_parallax=&#8221;0&#8243; woodmart_sticky_column=&#8221;false&#8221; parallax_scroll=&#8221;no&#8221; mobile_reset_margin=&#8221;no&#8221; tablet_reset_margin=&#8221;no&#8221;][\/vc_column][\/vc_row]<\/p>\n<\/div>","protected":false},"excerpt":{"rendered":"<p>[vc_row full_width=&#8221;stretch_row&#8221; css=&#8221;.vc_custom_1607612618750{margin-top: -40px !important;background-image: url(https:\/\/fafangansantik.se\/wp-content\/uploads\/2020\/12\/dsc_0101.jpg?id=91) !important;background-position: center !important;background-repeat: no-repeat !important;background-size: cover !important;}&#8221; mobile_bg_img_hidden=&#8221;no&#8221; tablet_bg_img_hidden=&#8221;no&#8221; woodmart_parallax=&#8221;0&#8243; woodmart_gradient_switch=&#8221;yes&#8221; woodmart_color_gradient=&#8221;rgba(255, 255, 255,<\/p>\n","protected":false},"author":1,"featured_media":0,"parent":0,"menu_order":5,"comment_status":"closed","ping_status":"closed","template":"","meta":{"footnotes":""},"_links":{"self":[{"href":"https:\/\/fafangansantik.se\/index.php?rest_route=\/wp\/v2\/pages\/25"}],"collection":[{"href":"https:\/\/fafangansantik.se\/index.php?rest_route=\/wp\/v2\/pages"}],"about":[{"href":"https:\/\/fafangansantik.se\/index.php?rest_route=\/wp\/v2\/types\/page"}],"author":[{"embeddable":true,"href":"https:\/\/fafangansantik.se\/index.php?rest_route=\/wp\/v2\/users\/1"}],"replies":[{"embeddable":true,"href":"https:\/\/fafangansantik.se\/index.php?rest_route=%2Fwp%2Fv2%2Fcomments&post=25"}],"version-history":[{"count":3,"href":"https:\/\/fafangansantik.se\/index.php?rest_route=\/wp\/v2\/pages\/25\/revisions"}],"predecessor-version":[{"id":169,"href":"https:\/\/fafangansantik.se\/index.php?rest_route=\/wp\/v2\/pages\/25\/revisions\/169"}],"wp:attachment":[{"href":"https:\/\/fafangansantik.se\/index.php?rest_route=%2Fwp%2Fv2%2Fmedia&parent=25"}],"curies":[{"name":"wp","href":"https:\/\/api.w.org\/{rel}","templated":true}]}}