{"id":21,"date":"2020-12-07T10:02:58","date_gmt":"2020-12-07T09:02:58","guid":{"rendered":"https:\/\/fafangansantik.adaptonline.se\/?page_id=21"},"modified":"2020-12-10T16:12:51","modified_gmt":"2020-12-10T15:12:51","slug":"bijoux","status":"publish","type":"page","link":"https:\/\/fafangansantik.se\/?page_id=21","title":{"rendered":"Bijoux"},"content":{"rendered":"<div class=\"wpb-content-wrapper\"><p>[vc_row full_width=&#8221;stretch_row&#8221; css=&#8221;.vc_custom_1607612618750{margin-top: -40px !important;background-image: url(https:\/\/fafangansantik.se\/wp-content\/uploads\/2020\/12\/dsc_0101.jpg?id=91) !important;background-position: center !important;background-repeat: no-repeat !important;background-size: cover !important;}&#8221; mobile_bg_img_hidden=&#8221;no&#8221; tablet_bg_img_hidden=&#8221;no&#8221; woodmart_parallax=&#8221;0&#8243; woodmart_gradient_switch=&#8221;yes&#8221; woodmart_color_gradient=&#8221;rgba(255, 255, 255, 0.9)-0\/rgba(255, 255, 255, 0.9)-100\/|linear-gradient(left , rgba(255, 255, 255, 0.9) , rgba(255, 255, 255, 0.9) 100%)|linear|left&#8221; row_reverse_mobile=&#8221;0&#8243; row_reverse_tablet=&#8221;0&#8243; woodmart_disable_overflow=&#8221;0&#8243;][vc_column]\t\t\t<link rel=\"stylesheet\" id=\"wd-section-title-css\" href=\"https:\/\/fafangansantik.se\/wp-content\/themes\/woodmart\/css\/parts\/el-section-title.min.css?ver=7.4.1\" type=\"text\/css\" media=\"all\" \/> \t\t\t\t\t\t<link rel=\"stylesheet\" id=\"wd-mod-highlighted-text-css\" href=\"https:\/\/fafangansantik.se\/wp-content\/themes\/woodmart\/css\/parts\/mod-highlighted-text.min.css?ver=7.4.1\" type=\"text\/css\" media=\"all\" \/> \t\t\t\n\t\t<div id=\"wd-5fd23a900beda\" class=\"title-wrapper wd-wpb set-mb-s reset-last-child  wd-rs-5fd23a900beda wd-title-color-default wd-title-style-default text-left  wd-underline-colored\">\n\t\t\t\n\t\t\t<div class=\"liner-continer\">\n\t\t\t\t<h2 class=\"woodmart-title-container title  wd-font-weight- wd-fontsize-xxl\" >Bijoux<\/h2>\n\t\t\t\t\t\t\t<\/div>\n\t\t\t\n\t\t\t\n\t\t\t\n\t\t<\/div>\n\t\t\n\t\t[vc_row_inner][vc_column_inner width=&#8221;1\/2&#8243;][vc_column_text text_larger=&#8221;no&#8221;]En av de vanligaste fr\u00e5gorna vi f\u00e5r i butiken \u00e4r \u201dVar har ni hittat alla dessa smycken?\u201d. D\u00e4rf\u00f6r t\u00e4nkte vi nu dela med oss av v\u00e5r hemlighet.<\/p>\n<p>2006 fick F\u00e5f\u00e4ngan Antik en fantastisk m\u00f6jlighet att k\u00f6pa upp mer vintagebijouterier \u00e4n vi hade kunnat dr\u00f6mma om. I s\u00f6dra sk\u00e5ne fanns en nedlagd grossistfirma som hade levererat till parfymerier och kemikalieaff\u00e4rer under 1950-, 60- och 70-talen och som, n\u00e4r de upph\u00f6rde, helt sonika packat ihop hela lagret och sedan dess hade ingen r\u00f6rt vid det. N\u00e4r Mickael Appelkvist, butikens \u00e4gare, fick m\u00f6jlighet att g\u00e5 igenom det s\u00e5g han det unika i detta tillf\u00e4lle och k\u00f6pte upp st\u00f6rre delen av de h\u00f6gkvalitativa, helt oanv\u00e4nda bijouterierna.<\/p>\n<p>Men, de utg\u00f6r bara en tredjedel av v\u00e5rt lager. I samma del av Sverige fanns ett annat lager som tillh\u00f6rt en dam som under 1950- och 60-talen haft den exklusiva importr\u00e4ttigheten till smycken fr\u00e5n modehuset Christian Dior, och det \u00e4r anledningen till att vi i butiken \u00e4ven har en stor m\u00e4ngd unika bijouterier som \u00e4r \u00e5rsm\u00e4rkta och signerade Christian Dior.DSC_0195 Att \u00e5ren runt 1960 var en h\u00f6jdpunkt f\u00f6r Diors kollektioner \u00e4r ingen hemlighet, och smycken av liknande design har prytt allt fr\u00e5n Hollywoodstorheter som Grace Kelly och Elisabeth Taylor till stilikoner som Jackie Kennedy. S\u00e5 den sista tredjedelen, undrar ni nu, var kommer den ifr\u00e5n? Den utg\u00f6rs n\u00e4stan uteslutande av strasshalsband, strass\u00f6rh\u00e4ngen, armband, broscher och tiaror i absolut h\u00f6gsta kvalitet fr\u00e5n den numera nedlagda, och n\u00e4r det begav sig stats\u00e4gda, fabriken Jablonex i d\u00e5varande Tjeckoslovakien. Jablonex slipade bland annat kristaller f\u00f6r v\u00e4lk\u00e4nda firman Swarowski, och d\u00e4rav den fenomenala kvalit\u00e9n i den strass vi har i butiken. \u00c4ven strassen \u00e4r fr\u00e5n 1960-talet, och d\u00e5 vi k\u00f6pte provkollektionslagret \u00e4r de flesta av smyckena helt unika.[\/vc_column_text][vc_column_text text_larger=&#8221;no&#8221;]Lyckliga omst\u00e4ndigheter gjorde att vi fick tillf\u00e4lle att f\u00f6rv\u00e4rva dessa bijouterier, h\u00e5rsp\u00e4nnen, h\u00e5rkammar och unika smycken fr\u00e5n 1950-, 60- och 70-talen, och nu gl\u00e4djer det inte minst v\u00e5ra kunder som f\u00e5r m\u00f6jlighet att hitta det d\u00e4r alldeles unika. Det kan \u00e4ven finnas lite smycken fr\u00e5n 1980-talet dolt p\u00e5 v\u00e5rt lager, men det h\u00e5ller vi nog g\u00f6mt tills dess tiden \u00e4r redo.[\/vc_column_text][\/vc_column_inner][vc_column_inner width=&#8221;1\/2&#8243;]\t\t\t<link rel=\"stylesheet\" id=\"wd-photoswipe-css\" href=\"https:\/\/fafangansantik.se\/wp-content\/themes\/woodmart\/css\/parts\/lib-photoswipe.min.css?ver=7.4.1\" type=\"text\/css\" media=\"all\" \/> \t\t\t\t\t\t<link rel=\"stylesheet\" id=\"wd-image-gallery-css\" href=\"https:\/\/fafangansantik.se\/wp-content\/themes\/woodmart\/css\/parts\/el-gallery.min.css?ver=7.4.1\" type=\"text\/css\" media=\"all\" \/> \t\t\t\t\t<div id=\"gallery_732\" class=\"wd-images-gallery wd-wpb photoswipe-images\" style=\"--wd-justify-content:center;--wd-align-items:flex-start;\">\n\t\t\t\n\t\t\t<div class=\" wd-grid-g\" style=\"--wd-col-lg:1;--wd-col-md:1;--wd-col-sm:1;--wd-gap-lg:30px;--wd-gap-sm:10px;\">\n\t\t\t\t\n\t\t\t\t\t\t\t\t\t\t\t\t\t\t\t<div class=\"wd-gallery-item wd-col\">\n\t\t\t\t\t\t\t\t\t\t\t\t\t\t<a href=\"https:\/\/fafangansantik.se\/wp-content\/uploads\/2020\/12\/dsc_0150-scaled.jpg\" data-elementor-open-lightbox=\"no\" data-index=\"1\" data-width=\"2560\" data-height=\"1707\" \n\t\t\t\t\t\t\t\t\t\t\t\t >\n\t\t\t\t\t\t\t\t\n\t\t\t\t\t\t\t\t<img loading=\"lazy\" decoding=\"async\" width=\"1024\" height=\"683\" src=\"https:\/\/fafangansantik.se\/wp-content\/uploads\/2020\/12\/dsc_0150-1024x683.jpg\" class=\"wd-gallery-image image-1\" alt=\"\" srcset=\"https:\/\/fafangansantik.se\/wp-content\/uploads\/2020\/12\/dsc_0150-1024x683.jpg 1024w, https:\/\/fafangansantik.se\/wp-content\/uploads\/2020\/12\/dsc_0150-300x200.jpg 300w, https:\/\/fafangansantik.se\/wp-content\/uploads\/2020\/12\/dsc_0150-768x512.jpg 768w, https:\/\/fafangansantik.se\/wp-content\/uploads\/2020\/12\/dsc_0150-1536x1024.jpg 1536w, https:\/\/fafangansantik.se\/wp-content\/uploads\/2020\/12\/dsc_0150-2048x1365.jpg 2048w\" sizes=\"(max-width: 1024px) 100vw, 1024px\" \/>\n\t\t\t\t\t\t\t\t\t\t\t\t\t\t\t<\/a>\n\t\t\t\t\t\t\t\t\t\t\t\t<\/div>\n\t\t\t\t\t\t\t\t\t\t\t<div class=\"wd-gallery-item wd-col\">\n\t\t\t\t\t\t\t\t\t\t\t\t\t\t<a href=\"https:\/\/fafangansantik.se\/wp-content\/uploads\/2020\/12\/dsc_0195-scaled.jpg\" data-elementor-open-lightbox=\"no\" data-index=\"2\" data-width=\"2560\" data-height=\"2028\" \n\t\t\t\t\t\t\t\t\t\t\t\t >\n\t\t\t\t\t\t\t\t\n\t\t\t\t\t\t\t\t<img loading=\"lazy\" decoding=\"async\" width=\"1024\" height=\"811\" src=\"https:\/\/fafangansantik.se\/wp-content\/uploads\/2020\/12\/dsc_0195-1024x811.jpg\" class=\"wd-gallery-image image-2\" alt=\"\" srcset=\"https:\/\/fafangansantik.se\/wp-content\/uploads\/2020\/12\/dsc_0195-1024x811.jpg 1024w, https:\/\/fafangansantik.se\/wp-content\/uploads\/2020\/12\/dsc_0195-300x238.jpg 300w, https:\/\/fafangansantik.se\/wp-content\/uploads\/2020\/12\/dsc_0195-768x608.jpg 768w, https:\/\/fafangansantik.se\/wp-content\/uploads\/2020\/12\/dsc_0195-1536x1217.jpg 1536w, https:\/\/fafangansantik.se\/wp-content\/uploads\/2020\/12\/dsc_0195-2048x1622.jpg 2048w\" sizes=\"(max-width: 1024px) 100vw, 1024px\" \/>\n\t\t\t\t\t\t\t\t\t\t\t\t\t\t\t<\/a>\n\t\t\t\t\t\t\t\t\t\t\t\t<\/div>\n\t\t\t\t\t\t\t\t\t\t\t<div class=\"wd-gallery-item wd-col\">\n\t\t\t\t\t\t\t\t\t\t\t\t\t\t<a href=\"https:\/\/fafangansantik.se\/wp-content\/uploads\/2020\/12\/dsc_0110-scaled.jpg\" data-elementor-open-lightbox=\"no\" data-index=\"3\" data-width=\"2560\" data-height=\"1707\" \n\t\t\t\t\t\t\t\t\t\t\t\t >\n\t\t\t\t\t\t\t\t\n\t\t\t\t\t\t\t\t<img loading=\"lazy\" decoding=\"async\" width=\"1024\" height=\"683\" src=\"https:\/\/fafangansantik.se\/wp-content\/uploads\/2020\/12\/dsc_0110-1024x683.jpg\" class=\"wd-gallery-image image-3\" alt=\"\" srcset=\"https:\/\/fafangansantik.se\/wp-content\/uploads\/2020\/12\/dsc_0110-1024x683.jpg 1024w, https:\/\/fafangansantik.se\/wp-content\/uploads\/2020\/12\/dsc_0110-300x200.jpg 300w, https:\/\/fafangansantik.se\/wp-content\/uploads\/2020\/12\/dsc_0110-768x512.jpg 768w, https:\/\/fafangansantik.se\/wp-content\/uploads\/2020\/12\/dsc_0110-1536x1024.jpg 1536w, https:\/\/fafangansantik.se\/wp-content\/uploads\/2020\/12\/dsc_0110-2048x1365.jpg 2048w\" sizes=\"(max-width: 1024px) 100vw, 1024px\" \/>\n\t\t\t\t\t\t\t\t\t\t\t\t\t\t\t<\/a>\n\t\t\t\t\t\t\t\t\t\t\t\t<\/div>\n\t\t\t\t\t\t\t\t\t\n\t\t\t\t\t\t\t<\/div>\n\n\t\t\t\t\t<\/div>\n\t\t[\/vc_column_inner][\/vc_row_inner][\/vc_column][\/vc_row][vc_row full_width=&#8221;stretch_row&#8221; css=&#8221;.vc_custom_1607352652196{margin-bottom: -40px !important;background-color: #b7a577 !important;}&#8221; mobile_bg_img_hidden=&#8221;no&#8221; tablet_bg_img_hidden=&#8221;no&#8221; woodmart_parallax=&#8221;0&#8243; woodmart_gradient_switch=&#8221;no&#8221; row_reverse_mobile=&#8221;0&#8243; row_reverse_tablet=&#8221;0&#8243; woodmart_disable_overflow=&#8221;0&#8243;][vc_column css=&#8221;.vc_custom_1607352436965{margin-bottom: 35px !important;}&#8221; mobile_bg_img_hidden=&#8221;no&#8221; tablet_bg_img_hidden=&#8221;no&#8221; woodmart_parallax=&#8221;0&#8243; woodmart_sticky_column=&#8221;false&#8221; parallax_scroll=&#8221;no&#8221; mobile_reset_margin=&#8221;no&#8221; tablet_reset_margin=&#8221;no&#8221;][\/vc_column][\/vc_row]<\/p>\n<\/div>","protected":false},"excerpt":{"rendered":"<p>[vc_row full_width=&#8221;stretch_row&#8221; css=&#8221;.vc_custom_1607612618750{margin-top: -40px !important;background-image: url(https:\/\/fafangansantik.se\/wp-content\/uploads\/2020\/12\/dsc_0101.jpg?id=91) !important;background-position: center !important;background-repeat: no-repeat !important;background-size: cover !important;}&#8221; mobile_bg_img_hidden=&#8221;no&#8221; tablet_bg_img_hidden=&#8221;no&#8221; woodmart_parallax=&#8221;0&#8243; woodmart_gradient_switch=&#8221;yes&#8221; woodmart_color_gradient=&#8221;rgba(255, 255, 255,<\/p>\n","protected":false},"author":1,"featured_media":0,"parent":0,"menu_order":3,"comment_status":"closed","ping_status":"closed","template":"","meta":{"footnotes":""},"_links":{"self":[{"href":"https:\/\/fafangansantik.se\/index.php?rest_route=\/wp\/v2\/pages\/21"}],"collection":[{"href":"https:\/\/fafangansantik.se\/index.php?rest_route=\/wp\/v2\/pages"}],"about":[{"href":"https:\/\/fafangansantik.se\/index.php?rest_route=\/wp\/v2\/types\/page"}],"author":[{"embeddable":true,"href":"https:\/\/fafangansantik.se\/index.php?rest_route=\/wp\/v2\/users\/1"}],"replies":[{"embeddable":true,"href":"https:\/\/fafangansantik.se\/index.php?rest_route=%2Fwp%2Fv2%2Fcomments&post=21"}],"version-history":[{"count":5,"href":"https:\/\/fafangansantik.se\/index.php?rest_route=\/wp\/v2\/pages\/21\/revisions"}],"predecessor-version":[{"id":160,"href":"https:\/\/fafangansantik.se\/index.php?rest_route=\/wp\/v2\/pages\/21\/revisions\/160"}],"wp:attachment":[{"href":"https:\/\/fafangansantik.se\/index.php?rest_route=%2Fwp%2Fv2%2Fmedia&parent=21"}],"curies":[{"name":"wp","href":"https:\/\/api.w.org\/{rel}","templated":true}]}}