{"id":19,"date":"2020-12-07T10:02:36","date_gmt":"2020-12-07T09:02:36","guid":{"rendered":"https:\/\/fafangansantik.adaptonline.se\/?page_id=19"},"modified":"2020-12-10T16:10:01","modified_gmt":"2020-12-10T15:10:01","slug":"antikt","status":"publish","type":"page","link":"https:\/\/fafangansantik.se\/?page_id=19","title":{"rendered":"Antikt"},"content":{"rendered":"<div class=\"wpb-content-wrapper\"><p>[vc_row full_width=&#8221;stretch_row&#8221; css=&#8221;.vc_custom_1607612618750{margin-top: -40px !important;background-image: url(https:\/\/fafangansantik.se\/wp-content\/uploads\/2020\/12\/dsc_0101.jpg?id=91) !important;background-position: center !important;background-repeat: no-repeat !important;background-size: cover !important;}&#8221; mobile_bg_img_hidden=&#8221;no&#8221; tablet_bg_img_hidden=&#8221;no&#8221; woodmart_parallax=&#8221;0&#8243; woodmart_gradient_switch=&#8221;yes&#8221; woodmart_color_gradient=&#8221;rgba(255, 255, 255, 0.9)-0\/rgba(255, 255, 255, 0.9)-100\/|linear-gradient(left , rgba(255, 255, 255, 0.9) , rgba(255, 255, 255, 0.9) 100%)|linear|left&#8221; row_reverse_mobile=&#8221;0&#8243; row_reverse_tablet=&#8221;0&#8243; woodmart_disable_overflow=&#8221;0&#8243;][vc_column]\t\t\t<link rel=\"stylesheet\" id=\"wd-section-title-css\" href=\"https:\/\/fafangansantik.se\/wp-content\/themes\/woodmart\/css\/parts\/el-section-title.min.css?ver=7.4.1\" type=\"text\/css\" media=\"all\" \/> \t\t\t\t\t\t<link rel=\"stylesheet\" id=\"wd-mod-highlighted-text-css\" href=\"https:\/\/fafangansantik.se\/wp-content\/themes\/woodmart\/css\/parts\/mod-highlighted-text.min.css?ver=7.4.1\" type=\"text\/css\" media=\"all\" \/> \t\t\t\n\t\t<div id=\"wd-5fd23a44294b5\" class=\"title-wrapper wd-wpb set-mb-s reset-last-child  wd-rs-5fd23a44294b5 wd-title-color-default wd-title-style-default text-left  wd-underline-colored\">\n\t\t\t\n\t\t\t<div class=\"liner-continer\">\n\t\t\t\t<h2 class=\"woodmart-title-container title  wd-font-weight- wd-fontsize-xxl\" >Antikviteter<\/h2>\n\t\t\t\t\t\t\t<\/div>\n\t\t\t\n\t\t\t\n\t\t\t\n\t\t<\/div>\n\t\t\n\t\t[vc_row_inner][vc_column_inner width=&#8221;1\/2&#8243;][vc_column_text text_larger=&#8221;no&#8221;]Bijouterier m\u00e5 vara n\u00e5got som har gjort v\u00e5r butik vida k\u00e4nd utanf\u00f6r den ordinarie kretsen av antikintresserade, men det \u00e4r viktigt f\u00f6r oss att inte tumma p\u00e5 kvalit\u00e9 eller dra ned p\u00e5 utbudet av klassiska antikviteter. Det \u00e4r de som \u00e4r stommen i r\u00f6relsen, och kommer alltid att f\u00f6rbli. Det \u00e4r inte f\u00f6r inte vi har stamkunder som kommer regelbundet ett par g\u00e5nger i veckan, och har gjort s\u00e5 sedan butiken \u00f6ppnade 1990. De har l\u00e4rt sig att p\u00e5 grund av stor genomstr\u00f6mning av varor \u00e4r det v\u00e4rt att h\u00e5lla sig framme s\u00e5 att man inte missar n\u00e5got vackert. Vad som \u00e4r \u201dantikt\u201d \u00e4r en fr\u00e5ga som inte har ett enhetligt svar, s\u00e5 hos oss tr\u00e4ngs viktorianska s\u00e5ssnipor i silver j\u00e4msides br\u00e4nnf\u00f6rgyllda ramar fr\u00e5n empiren lika v\u00e4l som Marianne Westmans popul\u00e4ra serviser och Stig Lingbergs krukor paras med Carl Harry St\u00e5lhanes vaser och kinesiskt porslin fr\u00e5n Qianlongperioden. I Allmogerummet st\u00e5r enkla tremannaglas, klassiska Rydbergsglas, spetsglas f\u00f6r midsommarens och julens snappsar och tr\u00e4ngs med tennljustakar fr\u00e5n 1800-talets f\u00f6rsta h\u00e4lft och vackert linne samt vackra allmogetextilier. P\u00e5 butikens v\u00e4ggar h\u00e4nger st\u00e4mningsfulla oljetryck och koppartryck fr\u00e5n Dahlbergs Suecia Antiqua et Hodierna i samtida ramar tillsammans med en och annan akvarellm\u00e5lning. Vi har ocks\u00e5, som vi alltid haft, ett stort utbud av komplementsporslin av de mest popul\u00e4ra 1900-talsserviserna som exempelvis R\u00f6rstrands Ostindia och Gustafsbergs Bl\u00e5 Blom. S\u00e5 ofta det bara g\u00e5r har vi ocks\u00e5 delar fr\u00e5n 1950- och 60-talsserviser som exempelvis Mon Amie, Picknick, Bers\u00e5, Prunus.[\/vc_column_text][vc_column_text text_larger=&#8221;no&#8221;]Det som \u00e4r ledstj\u00e4rnan nu liksom f\u00f6r \u00f6ver tjugo \u00e5r sedan \u00e4r att vi fyller butiken med unika f\u00f6rem\u00e5l, lite galna prylar och vackra ting. Sk\u00f6nhet, kvalit\u00e9 och estetik \u00e4r viktigt f\u00f6r oss, liksom f\u00f6r v\u00e5r trogna kundkrets. Det \u00e4r och f\u00f6rblir d\u00e4rf\u00f6r v\u00e5r prioritet.[\/vc_column_text][\/vc_column_inner][vc_column_inner width=&#8221;1\/2&#8243;]\t\t\t<link rel=\"stylesheet\" id=\"wd-photoswipe-css\" href=\"https:\/\/fafangansantik.se\/wp-content\/themes\/woodmart\/css\/parts\/lib-photoswipe.min.css?ver=7.4.1\" type=\"text\/css\" media=\"all\" \/> \t\t\t\t\t\t<link rel=\"stylesheet\" id=\"wd-image-gallery-css\" href=\"https:\/\/fafangansantik.se\/wp-content\/themes\/woodmart\/css\/parts\/el-gallery.min.css?ver=7.4.1\" type=\"text\/css\" media=\"all\" \/> \t\t\t\t\t<div id=\"gallery_446\" class=\"wd-images-gallery wd-wpb photoswipe-images\" style=\"--wd-justify-content:center;--wd-align-items:flex-start;\">\n\t\t\t\n\t\t\t<div class=\" wd-grid-g\" style=\"--wd-col-lg:2;--wd-col-md:2;--wd-col-sm:1;--wd-gap-lg:30px;--wd-gap-sm:10px;\">\n\t\t\t\t\n\t\t\t\t\t\t\t\t\t\t\t\t\t\t\t<div class=\"wd-gallery-item wd-col\">\n\t\t\t\t\t\t\t\t\t\t\t\t\t\t<a href=\"https:\/\/fafangansantik.se\/wp-content\/uploads\/2020\/12\/dsc_0039-scaled.jpg\" data-elementor-open-lightbox=\"no\" data-index=\"1\" data-width=\"2560\" data-height=\"1707\" \n\t\t\t\t\t\t\t\t\t\t\t\t >\n\t\t\t\t\t\t\t\t\n\t\t\t\t\t\t\t\t<img loading=\"lazy\" decoding=\"async\" width=\"1024\" height=\"683\" src=\"https:\/\/fafangansantik.se\/wp-content\/uploads\/2020\/12\/dsc_0039-1024x683.jpg\" class=\"wd-gallery-image image-1\" alt=\"\" srcset=\"https:\/\/fafangansantik.se\/wp-content\/uploads\/2020\/12\/dsc_0039-1024x683.jpg 1024w, https:\/\/fafangansantik.se\/wp-content\/uploads\/2020\/12\/dsc_0039-300x200.jpg 300w, https:\/\/fafangansantik.se\/wp-content\/uploads\/2020\/12\/dsc_0039-768x512.jpg 768w, https:\/\/fafangansantik.se\/wp-content\/uploads\/2020\/12\/dsc_0039-1536x1024.jpg 1536w, https:\/\/fafangansantik.se\/wp-content\/uploads\/2020\/12\/dsc_0039-2048x1365.jpg 2048w\" sizes=\"(max-width: 1024px) 100vw, 1024px\" \/>\n\t\t\t\t\t\t\t\t\t\t\t\t\t\t\t<\/a>\n\t\t\t\t\t\t\t\t\t\t\t\t<\/div>\n\t\t\t\t\t\t\t\t\t\t\t<div class=\"wd-gallery-item wd-col\">\n\t\t\t\t\t\t\t\t\t\t\t\t\t\t<a href=\"https:\/\/fafangansantik.se\/wp-content\/uploads\/2020\/12\/dsc_0176-scaled.jpg\" data-elementor-open-lightbox=\"no\" data-index=\"2\" data-width=\"2560\" data-height=\"1707\" \n\t\t\t\t\t\t\t\t\t\t\t\t >\n\t\t\t\t\t\t\t\t\n\t\t\t\t\t\t\t\t<img loading=\"lazy\" decoding=\"async\" width=\"1024\" height=\"683\" src=\"https:\/\/fafangansantik.se\/wp-content\/uploads\/2020\/12\/dsc_0176-1024x683.jpg\" class=\"wd-gallery-image image-2\" alt=\"\" srcset=\"https:\/\/fafangansantik.se\/wp-content\/uploads\/2020\/12\/dsc_0176-1024x683.jpg 1024w, https:\/\/fafangansantik.se\/wp-content\/uploads\/2020\/12\/dsc_0176-300x200.jpg 300w, https:\/\/fafangansantik.se\/wp-content\/uploads\/2020\/12\/dsc_0176-768x512.jpg 768w, https:\/\/fafangansantik.se\/wp-content\/uploads\/2020\/12\/dsc_0176-1536x1024.jpg 1536w, https:\/\/fafangansantik.se\/wp-content\/uploads\/2020\/12\/dsc_0176-2048x1365.jpg 2048w\" sizes=\"(max-width: 1024px) 100vw, 1024px\" \/>\n\t\t\t\t\t\t\t\t\t\t\t\t\t\t\t<\/a>\n\t\t\t\t\t\t\t\t\t\t\t\t<\/div>\n\t\t\t\t\t\t\t\t\t\t\t<div class=\"wd-gallery-item wd-col\">\n\t\t\t\t\t\t\t\t\t\t\t\t\t\t<a href=\"https:\/\/fafangansantik.se\/wp-content\/uploads\/2020\/12\/dsc_0205-scaled.jpg\" data-elementor-open-lightbox=\"no\" data-index=\"3\" data-width=\"2560\" data-height=\"1707\" \n\t\t\t\t\t\t\t\t\t\t\t\t >\n\t\t\t\t\t\t\t\t\n\t\t\t\t\t\t\t\t<img loading=\"lazy\" decoding=\"async\" width=\"1024\" height=\"683\" src=\"https:\/\/fafangansantik.se\/wp-content\/uploads\/2020\/12\/dsc_0205-1024x683.jpg\" class=\"wd-gallery-image image-3\" alt=\"\" srcset=\"https:\/\/fafangansantik.se\/wp-content\/uploads\/2020\/12\/dsc_0205-1024x683.jpg 1024w, https:\/\/fafangansantik.se\/wp-content\/uploads\/2020\/12\/dsc_0205-300x200.jpg 300w, https:\/\/fafangansantik.se\/wp-content\/uploads\/2020\/12\/dsc_0205-768x512.jpg 768w, https:\/\/fafangansantik.se\/wp-content\/uploads\/2020\/12\/dsc_0205-1536x1024.jpg 1536w, https:\/\/fafangansantik.se\/wp-content\/uploads\/2020\/12\/dsc_0205-2048x1365.jpg 2048w\" sizes=\"(max-width: 1024px) 100vw, 1024px\" \/>\n\t\t\t\t\t\t\t\t\t\t\t\t\t\t\t<\/a>\n\t\t\t\t\t\t\t\t\t\t\t\t<\/div>\n\t\t\t\t\t\t\t\t\t\t\t<div class=\"wd-gallery-item wd-col\">\n\t\t\t\t\t\t\t\t\t\t\t\t\t\t<a href=\"https:\/\/fafangansantik.se\/wp-content\/uploads\/2020\/12\/dsc_0178-scaled.jpg\" data-elementor-open-lightbox=\"no\" data-index=\"4\" data-width=\"1706\" data-height=\"2560\" \n\t\t\t\t\t\t\t\t\t\t\t\t >\n\t\t\t\t\t\t\t\t\n\t\t\t\t\t\t\t\t<img loading=\"lazy\" decoding=\"async\" width=\"683\" height=\"1024\" src=\"https:\/\/fafangansantik.se\/wp-content\/uploads\/2020\/12\/dsc_0178-683x1024.jpg\" class=\"wd-gallery-image image-4\" alt=\"\" srcset=\"https:\/\/fafangansantik.se\/wp-content\/uploads\/2020\/12\/dsc_0178-683x1024.jpg 683w, https:\/\/fafangansantik.se\/wp-content\/uploads\/2020\/12\/dsc_0178-200x300.jpg 200w, https:\/\/fafangansantik.se\/wp-content\/uploads\/2020\/12\/dsc_0178-768x1152.jpg 768w, https:\/\/fafangansantik.se\/wp-content\/uploads\/2020\/12\/dsc_0178-1024x1536.jpg 1024w, https:\/\/fafangansantik.se\/wp-content\/uploads\/2020\/12\/dsc_0178-1365x2048.jpg 1365w, https:\/\/fafangansantik.se\/wp-content\/uploads\/2020\/12\/dsc_0178-scaled.jpg 1706w\" sizes=\"(max-width: 683px) 100vw, 683px\" \/>\n\t\t\t\t\t\t\t\t\t\t\t\t\t\t\t<\/a>\n\t\t\t\t\t\t\t\t\t\t\t\t<\/div>\n\t\t\t\t\t\t\t\t\t\n\t\t\t\t\t\t\t<\/div>\n\n\t\t\t\t\t<\/div>\n\t\t[\/vc_column_inner][\/vc_row_inner][\/vc_column][\/vc_row][vc_row full_width=&#8221;stretch_row&#8221; css=&#8221;.vc_custom_1607352652196{margin-bottom: -40px !important;background-color: #b7a577 !important;}&#8221; mobile_bg_img_hidden=&#8221;no&#8221; tablet_bg_img_hidden=&#8221;no&#8221; woodmart_parallax=&#8221;0&#8243; woodmart_gradient_switch=&#8221;no&#8221; row_reverse_mobile=&#8221;0&#8243; row_reverse_tablet=&#8221;0&#8243; woodmart_disable_overflow=&#8221;0&#8243;][vc_column css=&#8221;.vc_custom_1607352436965{margin-bottom: 35px !important;}&#8221; mobile_bg_img_hidden=&#8221;no&#8221; tablet_bg_img_hidden=&#8221;no&#8221; woodmart_parallax=&#8221;0&#8243; woodmart_sticky_column=&#8221;false&#8221; parallax_scroll=&#8221;no&#8221; mobile_reset_margin=&#8221;no&#8221; tablet_reset_margin=&#8221;no&#8221;][\/vc_column][\/vc_row]<\/p>\n<\/div>","protected":false},"excerpt":{"rendered":"<p>[vc_row full_width=&#8221;stretch_row&#8221; css=&#8221;.vc_custom_1607612618750{margin-top: -40px !important;background-image: url(https:\/\/fafangansantik.se\/wp-content\/uploads\/2020\/12\/dsc_0101.jpg?id=91) !important;background-position: center !important;background-repeat: no-repeat !important;background-size: cover !important;}&#8221; mobile_bg_img_hidden=&#8221;no&#8221; tablet_bg_img_hidden=&#8221;no&#8221; woodmart_parallax=&#8221;0&#8243; woodmart_gradient_switch=&#8221;yes&#8221; woodmart_color_gradient=&#8221;rgba(255, 255, 255,<\/p>\n","protected":false},"author":1,"featured_media":0,"parent":0,"menu_order":2,"comment_status":"closed","ping_status":"closed","template":"","meta":{"footnotes":""},"_links":{"self":[{"href":"https:\/\/fafangansantik.se\/index.php?rest_route=\/wp\/v2\/pages\/19"}],"collection":[{"href":"https:\/\/fafangansantik.se\/index.php?rest_route=\/wp\/v2\/pages"}],"about":[{"href":"https:\/\/fafangansantik.se\/index.php?rest_route=\/wp\/v2\/types\/page"}],"author":[{"embeddable":true,"href":"https:\/\/fafangansantik.se\/index.php?rest_route=\/wp\/v2\/users\/1"}],"replies":[{"embeddable":true,"href":"https:\/\/fafangansantik.se\/index.php?rest_route=%2Fwp%2Fv2%2Fcomments&post=19"}],"version-history":[{"count":16,"href":"https:\/\/fafangansantik.se\/index.php?rest_route=\/wp\/v2\/pages\/19\/revisions"}],"predecessor-version":[{"id":153,"href":"https:\/\/fafangansantik.se\/index.php?rest_route=\/wp\/v2\/pages\/19\/revisions\/153"}],"wp:attachment":[{"href":"https:\/\/fafangansantik.se\/index.php?rest_route=%2Fwp%2Fv2%2Fmedia&parent=19"}],"curies":[{"name":"wp","href":"https:\/\/api.w.org\/{rel}","templated":true}]}}